{"id":10,"date":"2026-03-06T12:52:56","date_gmt":"2026-03-06T12:52:56","guid":{"rendered":"https:\/\/sera.tecnologyzero.com\/?page_id=10"},"modified":"2026-04-15T21:37:31","modified_gmt":"2026-04-15T21:37:31","slug":"nosotros","status":"publish","type":"page","link":"https:\/\/sera.tecnologyzero.com\/?page_id=10","title":{"rendered":"NOSOTROS"},"content":{"rendered":"\t\t<div data-elementor-type=\"wp-page\" data-elementor-id=\"10\" class=\"elementor elementor-10\" data-elementor-post-type=\"page\">\n\t\t\t\t<div class=\"elementor-element elementor-element-8c51b34 e-flex e-con-boxed e-con e-parent\" data-id=\"8c51b34\" data-element_type=\"container\" data-e-type=\"container\" data-settings=\"{&quot;background_background&quot;:&quot;classic&quot;}\">\n\t\t\t\t\t<div class=\"e-con-inner\">\n\t\t\t\t<div class=\"elementor-element elementor-element-e0e9747 elementor-widget elementor-widget-heading\" data-id=\"e0e9747\" data-element_type=\"widget\" data-e-type=\"widget\" data-widget_type=\"heading.default\">\n\t\t\t\t\t<h2 class=\"elementor-heading-title elementor-size-default\">NOSOTROS<\/h2>\t\t\t\t<\/div>\n\t\t\t\t\t<\/div>\n\t\t\t\t<\/div>\n\t\t<div class=\"elementor-element elementor-element-21abda9 e-flex e-con-boxed e-con e-parent\" data-id=\"21abda9\" data-element_type=\"container\" data-e-type=\"container\">\n\t\t\t\t\t<div class=\"e-con-inner\">\n\t\t<div class=\"elementor-element elementor-element-b41ce59 e-con-full e-flex e-con e-child\" data-id=\"b41ce59\" data-element_type=\"container\" data-e-type=\"container\">\n\t\t\t\t<div class=\"elementor-element elementor-element-19897c0 elementor-widget elementor-widget-heading\" data-id=\"19897c0\" data-element_type=\"widget\" data-e-type=\"widget\" data-widget_type=\"heading.default\">\n\t\t\t\t\t<h2 class=\"elementor-heading-title elementor-size-default\">NOSOTROS<\/h2>\t\t\t\t<\/div>\n\t\t\t\t<div class=\"elementor-element elementor-element-b10d0c2 elementor-widget elementor-widget-text-editor\" data-id=\"b10d0c2\" data-element_type=\"widget\" data-e-type=\"widget\" data-widget_type=\"text-editor.default\">\n\t\t\t\t\t\t\t\t\t<p>Somos una agencia creativa de dise\u00f1o e ilustraci\u00f3n dedicada a transformar ideas en soluciones visuales estrat\u00e9gicas. Creemos en el poder de la creatividad que fluye con prop\u00f3sito, combinando an\u00e1lisis, estrategia y expresi\u00f3n gr\u00e1fica para construir marcas aut\u00e9nticas y memorables. Nuestro enfoque busca conectar cada proyecto con su esencia, generando identidad, impacto y coherencia visual.<\/p>\t\t\t\t\t\t\t\t<\/div>\n\t\t\t\t<\/div>\n\t\t<div class=\"elementor-element elementor-element-803a47d e-con-full e-flex e-con e-child\" data-id=\"803a47d\" data-element_type=\"container\" data-e-type=\"container\">\n\t\t\t\t<div class=\"elementor-element elementor-element-6c1bc20 elementor-widget elementor-widget-image\" data-id=\"6c1bc20\" data-element_type=\"widget\" data-e-type=\"widget\" data-widget_type=\"image.default\">\n\t\t\t\t\t\t\t\t\t\t\t\t\t\t\t<img fetchpriority=\"high\" decoding=\"async\" width=\"308\" height=\"212\" src=\"https:\/\/sera.tecnologyzero.com\/wp-content\/uploads\/2026\/04\/Recurso-2LOGO.png\" class=\"attachment-large size-large wp-image-131\" alt=\"\" srcset=\"https:\/\/sera.tecnologyzero.com\/wp-content\/uploads\/2026\/04\/Recurso-2LOGO.png 308w, https:\/\/sera.tecnologyzero.com\/wp-content\/uploads\/2026\/04\/Recurso-2LOGO-300x206.png 300w\" sizes=\"(max-width: 308px) 100vw, 308px\" \/>\t\t\t\t\t\t\t\t\t\t\t\t\t\t\t<\/div>\n\t\t\t\t<\/div>\n\t\t\t\t\t<\/div>\n\t\t\t\t<\/div>\n\t\t<div class=\"elementor-element elementor-element-32b7028 e-flex e-con-boxed e-con e-parent\" data-id=\"32b7028\" data-element_type=\"container\" data-e-type=\"container\" data-settings=\"{&quot;background_background&quot;:&quot;gradient&quot;}\">\n\t\t\t\t\t<div class=\"e-con-inner\">\n\t\t<div class=\"elementor-element elementor-element-3003d93 e-con-full e-flex e-con e-child\" data-id=\"3003d93\" data-element_type=\"container\" data-e-type=\"container\">\n\t\t\t\t<div class=\"elementor-element elementor-element-8f6843e elementor-widget elementor-widget-heading\" data-id=\"8f6843e\" data-element_type=\"widget\" data-e-type=\"widget\" data-widget_type=\"heading.default\">\n\t\t\t\t\t<h2 class=\"elementor-heading-title elementor-size-default\">MISION<\/h2>\t\t\t\t<\/div>\n\t\t\t\t<div class=\"elementor-element elementor-element-283b42c elementor-widget elementor-widget-text-editor\" data-id=\"283b42c\" data-element_type=\"widget\" data-e-type=\"widget\" data-widget_type=\"text-editor.default\">\n\t\t\t\t\t\t\t\t\t<p>Ser un referente en la construcci\u00f3n de narrativas visuales donde las ideas fluyen con claridad, coherencia y sentido, sin perder su esencia original.<\/p>\t\t\t\t\t\t\t\t<\/div>\n\t\t\t\t<\/div>\n\t\t<div class=\"elementor-element elementor-element-1876eec e-con-full e-flex e-con e-child\" data-id=\"1876eec\" data-element_type=\"container\" data-e-type=\"container\">\n\t\t\t\t<div class=\"elementor-element elementor-element-190edbf elementor-widget elementor-widget-image\" data-id=\"190edbf\" data-element_type=\"widget\" data-e-type=\"widget\" data-widget_type=\"image.default\">\n\t\t\t\t\t\t\t\t\t\t\t\t\t\t\t<img decoding=\"async\" width=\"285\" height=\"396\" src=\"https:\/\/sera.tecnologyzero.com\/wp-content\/uploads\/2026\/04\/Recurso-3modelo.png\" class=\"attachment-large size-large wp-image-147\" alt=\"\" srcset=\"https:\/\/sera.tecnologyzero.com\/wp-content\/uploads\/2026\/04\/Recurso-3modelo.png 285w, https:\/\/sera.tecnologyzero.com\/wp-content\/uploads\/2026\/04\/Recurso-3modelo-216x300.png 216w\" sizes=\"(max-width: 285px) 100vw, 285px\" \/>\t\t\t\t\t\t\t\t\t\t\t\t\t\t\t<\/div>\n\t\t\t\t<\/div>\n\t\t\t\t\t<\/div>\n\t\t\t\t<\/div>\n\t\t<div class=\"elementor-element elementor-element-d871f19 e-flex e-con-boxed e-con e-parent\" data-id=\"d871f19\" data-element_type=\"container\" data-e-type=\"container\">\n\t\t\t\t\t<div class=\"e-con-inner\">\n\t\t<div class=\"elementor-element elementor-element-ceb37c4 e-con-full e-flex e-con e-child\" data-id=\"ceb37c4\" data-element_type=\"container\" data-e-type=\"container\">\n\t\t\t\t<div class=\"elementor-element elementor-element-d3aac1e elementor-widget elementor-widget-image\" data-id=\"d3aac1e\" data-element_type=\"widget\" data-e-type=\"widget\" data-widget_type=\"image.default\">\n\t\t\t\t\t\t\t\t\t\t\t\t\t\t\t<img decoding=\"async\" width=\"284\" height=\"415\" src=\"https:\/\/sera.tecnologyzero.com\/wp-content\/uploads\/2026\/04\/Recurso-2modelo-2.png\" class=\"attachment-large size-large wp-image-154\" alt=\"\" srcset=\"https:\/\/sera.tecnologyzero.com\/wp-content\/uploads\/2026\/04\/Recurso-2modelo-2.png 284w, https:\/\/sera.tecnologyzero.com\/wp-content\/uploads\/2026\/04\/Recurso-2modelo-2-205x300.png 205w\" sizes=\"(max-width: 284px) 100vw, 284px\" \/>\t\t\t\t\t\t\t\t\t\t\t\t\t\t\t<\/div>\n\t\t\t\t<\/div>\n\t\t<div class=\"elementor-element elementor-element-477cbaa e-con-full e-flex e-con e-child\" data-id=\"477cbaa\" data-element_type=\"container\" data-e-type=\"container\">\n\t\t\t\t<div class=\"elementor-element elementor-element-a211201 elementor-widget elementor-widget-heading\" data-id=\"a211201\" data-element_type=\"widget\" data-e-type=\"widget\" data-widget_type=\"heading.default\">\n\t\t\t\t\t<h2 class=\"elementor-heading-title elementor-size-default\">VISION<\/h2>\t\t\t\t<\/div>\n\t\t\t\t<div class=\"elementor-element elementor-element-e847788 elementor-widget elementor-widget-text-editor\" data-id=\"e847788\" data-element_type=\"widget\" data-e-type=\"widget\" data-widget_type=\"text-editor.default\">\n\t\t\t\t\t\t\t\t\t<p>Ser un referente en la construcci\u00f3n de narrativas visuales donde las ideas fluyen con claridad, coherencia y sentido, sin perder su esencia original.<\/p>\t\t\t\t\t\t\t\t<\/div>\n\t\t\t\t<\/div>\n\t\t\t\t\t<\/div>\n\t\t\t\t<\/div>\n\t\t\t\t<\/div>\n\t\t","protected":false},"excerpt":{"rendered":"<p>NOSOTROS NOSOTROS Somos una agencia creativa de dise\u00f1o e ilustraci\u00f3n dedicada a transformar ideas en soluciones visuales estrat\u00e9gicas. Creemos en [&hellip;]<\/p>\n","protected":false},"author":1,"featured_media":0,"parent":0,"menu_order":0,"comment_status":"closed","ping_status":"closed","template":"elementor_header_footer","meta":{"site-sidebar-layout":"no-sidebar","site-content-layout":"","ast-site-content-layout":"full-width-container","site-content-style":"default","site-sidebar-style":"default","ast-global-header-display":"","ast-banner-title-visibility":"","ast-main-header-display":"","ast-hfb-above-header-display":"","ast-hfb-below-header-display":"","ast-hfb-mobile-header-display":"","site-post-title":"","ast-breadcrumbs-content":"","ast-featured-img":"disabled","footer-sml-layout":"","ast-disable-related-posts":"","theme-transparent-header-meta":"","adv-header-id-meta":"","stick-header-meta":"","header-above-stick-meta":"","header-main-stick-meta":"","header-below-stick-meta":"","astra-migrate-meta-layouts":"default","ast-page-background-enabled":"default","ast-page-background-meta":{"desktop":{"background-color":"var(--ast-global-color-5)","background-image":"","background-repeat":"repeat","background-position":"center center","background-size":"auto","background-attachment":"scroll","background-type":"","background-media":"","overlay-type":"","overlay-color":"","overlay-opacity":"","overlay-gradient":""},"tablet":{"background-color":"","background-image":"","background-repeat":"repeat","background-position":"center center","background-size":"auto","background-attachment":"scroll","background-type":"","background-media":"","overlay-type":"","overlay-color":"","overlay-opacity":"","overlay-gradient":""},"mobile":{"background-color":"","background-image":"","background-repeat":"repeat","background-position":"center center","background-size":"auto","background-attachment":"scroll","background-type":"","background-media":"","overlay-type":"","overlay-color":"","overlay-opacity":"","overlay-gradient":""}},"ast-content-background-meta":{"desktop":{"background-color":"var(--ast-global-color-4)","background-image":"","background-repeat":"repeat","background-position":"center center","background-size":"auto","background-attachment":"scroll","background-type":"","background-media":"","overlay-type":"","overlay-color":"","overlay-opacity":"","overlay-gradient":""},"tablet":{"background-color":"var(--ast-global-color-4)","background-image":"","background-repeat":"repeat","background-position":"center center","background-size":"auto","background-attachment":"scroll","background-type":"","background-media":"","overlay-type":"","overlay-color":"","overlay-opacity":"","overlay-gradient":""},"mobile":{"background-color":"var(--ast-global-color-4)","background-image":"","background-repeat":"repeat","background-position":"center center","background-size":"auto","background-attachment":"scroll","background-type":"","background-media":"","overlay-type":"","overlay-color":"","overlay-opacity":"","overlay-gradient":""}},"footnotes":""},"class_list":["post-10","page","type-page","status-publish","hentry"],"_hostinger_reach_plugin_has_subscription_block":false,"_hostinger_reach_plugin_is_elementor":false,"_links":{"self":[{"href":"https:\/\/sera.tecnologyzero.com\/index.php?rest_route=\/wp\/v2\/pages\/10","targetHints":{"allow":["GET"]}}],"collection":[{"href":"https:\/\/sera.tecnologyzero.com\/index.php?rest_route=\/wp\/v2\/pages"}],"about":[{"href":"https:\/\/sera.tecnologyzero.com\/index.php?rest_route=\/wp\/v2\/types\/page"}],"author":[{"embeddable":true,"href":"https:\/\/sera.tecnologyzero.com\/index.php?rest_route=\/wp\/v2\/users\/1"}],"replies":[{"embeddable":true,"href":"https:\/\/sera.tecnologyzero.com\/index.php?rest_route=%2Fwp%2Fv2%2Fcomments&post=10"}],"version-history":[{"count":37,"href":"https:\/\/sera.tecnologyzero.com\/index.php?rest_route=\/wp\/v2\/pages\/10\/revisions"}],"predecessor-version":[{"id":230,"href":"https:\/\/sera.tecnologyzero.com\/index.php?rest_route=\/wp\/v2\/pages\/10\/revisions\/230"}],"wp:attachment":[{"href":"https:\/\/sera.tecnologyzero.com\/index.php?rest_route=%2Fwp%2Fv2%2Fmedia&parent=10"}],"curies":[{"name":"wp","href":"https:\/\/api.w.org\/{rel}","templated":true}]}}